{"id":8,"date":"2023-12-03T12:52:10","date_gmt":"2023-12-03T12:52:10","guid":{"rendered":"https:\/\/climaguys.com\/?page_id=8"},"modified":"2024-01-03T00:58:27","modified_gmt":"2024-01-03T00:58:27","slug":"home","status":"publish","type":"page","link":"https:\/\/climaguys.com\/","title":{"rendered":"Mantenimiento profesional de Aire Acondicionado en M\u00e9rida"},"content":{"rendered":"\n<div class=\"wp-block-cover alignfull\" style=\"min-height:720px\"><span aria-hidden=\"true\" class=\"wp-block-cover__background has-background-dim-100 has-background-dim has-background-gradient\" style=\"background:linear-gradient(135deg,rgb(2,3,129) 0%,rgb(57,97,119) 37%,rgb(40,116,252) 100%)\"><\/span><div class=\"wp-block-cover__inner-container is-layout-flow wp-block-cover-is-layout-flow\">\n<div class=\"inherit-container-width wp-block-group alignwide is-layout-constrained wp-block-group-is-layout-constrained\">\n<div class=\"wp-block-media-text alignwide has-media-on-the-right is-stacked-on-mobile is-vertically-aligned-center\" style=\"grid-template-columns:auto 21%\"><div class=\"wp-block-media-text__content\">\n<h1 class=\"wp-block-heading has-text-align-left has-white-color has-text-color\">EXPERTOS EN AIRE ACONDICIONADO<\/h1>\n\n\n\n<p>Ofrecemos servicio profesional en mantenimiento de aire acondicionado en M\u00e9rida.<\/p>\n\n\n\n<div class=\"wp-block-buttons is-layout-flex wp-block-buttons-is-layout-flex\">\n<div class=\"wp-block-button\"><a class=\"wp-block-button__link wp-element-button\" href=\"https:\/\/wa.me\/message\/NGQ2SZU2O6XKI1\" target=\"_blank\" rel=\"noreferrer noopener\">Solicita tu servicio<\/a><\/div>\n<\/div>\n<\/div><figure class=\"wp-block-media-text__media\"><img loading=\"lazy\" decoding=\"async\" width=\"283\" height=\"283\" src=\"http:\/\/climaguys.com\/wp-content\/uploads\/2023\/12\/clima-guys-logo.png\" alt=\"clima guys mantenimiento aire acondicionado\" class=\"wp-image-10 size-full\"\/><\/figure><\/div>\n<\/div>\n<\/div><\/div>\n\n\n\n<div class=\"wp-block-group alignfull has-ast-global-color-5-background-color has-background is-layout-constrained wp-container-core-group-layout-2 wp-block-group-is-layout-constrained\" style=\"padding-bottom:0px\">\n<div class=\"wp-block-columns are-vertically-aligned-top is-layout-flex wp-container-core-columns-layout-1 wp-block-columns-is-layout-flex\">\n<div class=\"wp-block-column is-vertically-aligned-top is-layout-flow wp-container-core-column-layout-1 wp-block-column-is-layout-flow\">\n<figure class=\"wp-block-image size-large\"><img decoding=\"async\" src=\"https:\/\/climaguys.com\/wp-content\/themes\/astra\/inc\/assets\/images\/starter-content\/building.svg\" alt=\"\" class=\"wp-image-134\"\/><\/figure>\n\n\n\n<h3 class=\"wp-block-heading has-text-align-left\" style=\"margin-top:16px\">T\u00e9cnicos Certificados<\/h3>\n\n\n\n<p class=\"has-text-align-left\">Contamos con m\u00e1s de 30 a\u00f1os atentiendo equipos residenciales, comerciales, hoteleros e industriales. Conocemos sobre Aires Acondicionados.<\/p>\n<\/div>\n\n\n\n<div class=\"wp-block-column is-vertically-aligned-top is-layout-flow wp-container-core-column-layout-2 wp-block-column-is-layout-flow\">\n<figure class=\"wp-block-image size-large\"><img decoding=\"async\" src=\"https:\/\/climaguys.com\/wp-content\/themes\/astra\/inc\/assets\/images\/starter-content\/shopping-bag.svg\" alt=\"\" class=\"wp-image-135\"\/><\/figure>\n\n\n\n<h3 class=\"wp-block-heading has-text-align-left\" style=\"margin-top:16px\">Personal Profesional<\/h3>\n\n\n\n<p class=\"has-text-align-left\">Contamos con un equipo profesional de t\u00e9cnicos, supervisores y atenci\u00f3n al cliente. Siempre tendr\u00e1s una respuesta a la solicitud sobre tu servicio.<\/p>\n<\/div>\n\n\n\n<div class=\"wp-block-column is-vertically-aligned-top is-layout-flow wp-container-core-column-layout-3 wp-block-column-is-layout-flow\">\n<figure class=\"wp-block-image size-large\"><img decoding=\"async\" src=\"https:\/\/climaguys.com\/wp-content\/themes\/astra\/inc\/assets\/images\/starter-content\/blog.svg\" alt=\"\" class=\"wp-image-136\"\/><\/figure>\n\n\n\n<h3 class=\"wp-block-heading has-text-align-left\" style=\"margin-top:16px\">Servicios de Calidad<\/h3>\n\n\n\n<p class=\"has-text-align-left\">Para Clima Guys M\u00e9rida lo m\u00e1s importante es mantener la confianza de nuestros clientes. Por ello realizamos el mejor servicio a la primera<\/p>\n<\/div>\n\n\n\n<div class=\"wp-block-column is-vertically-aligned-top is-layout-flow wp-container-core-column-layout-4 wp-block-column-is-layout-flow\">\n<figure class=\"wp-block-image size-large\"><img decoding=\"async\" src=\"https:\/\/climaguys.com\/wp-content\/themes\/astra\/inc\/assets\/images\/starter-content\/portfolio.svg\" alt=\"\" class=\"wp-image-137\"\/><\/figure>\n\n\n\n<h3 class=\"wp-block-heading has-text-align-left\" style=\"margin-top:16px\">Siempre a tiempo<\/h3>\n\n\n\n<p class=\"has-text-align-left\">Entendemos que el tiempo es el recurso m\u00e1s importante con el que contamos. No te haremos perder tu tiempo, ni tampoco el nuestro.<\/p>\n<\/div>\n<\/div>\n\n\n\n<div style=\"height:100px\" aria-hidden=\"true\" class=\"wp-block-spacer\"><\/div>\n<\/div>\n\n\n\n<div class=\"wp-block-group alignfull has-background is-layout-constrained wp-block-group-is-layout-constrained\" id=\"contact\" style=\"background:linear-gradient(135deg,rgb(2,3,129) 0%,rgb(57,97,119) 38%,rgb(40,116,252) 100%);padding-top:104px;padding-bottom:104px\">\n<h2 class=\"wp-block-heading has-text-align-center has-text-color\" style=\"color:#ffffff\">Mantenimiento Profesional<\/h2>\n\n\n\n<h3 class=\"wp-block-heading alignfull has-text-align-center has-text-color\" style=\"color:#ffffff\">Servicio Residencial y Comercial de Mantenimiento a Aire Acondicionado en M\u00e9rida<\/h3>\n\n\n\n<div class=\"wp-block-buttons alignfull uag-hide-tab uag-hide-mob is-horizontal is-content-justification-center is-nowrap is-layout-flex wp-container-core-buttons-layout-2 wp-block-buttons-is-layout-flex\" style=\"margin-top:50px\">\n<div class=\"wp-block-button has-custom-width wp-block-button__width-100\"><a class=\"wp-block-button__link has-pale-cyan-blue-background-color has-background wp-element-button\">T\u00e9cnicos Certificados<\/a><\/div>\n\n\n\n<div class=\"wp-block-button has-custom-width wp-block-button__width-100\"><a class=\"wp-block-button__link has-pale-cyan-blue-background-color has-background wp-element-button\">R\u00e1pidez en la respuesta<\/a><\/div>\n\n\n\n<div class=\"wp-block-button has-custom-width wp-block-button__width-100\"><a class=\"wp-block-button__link has-pale-cyan-blue-background-color has-background wp-element-button\">Uso de Inteligencia Artificial<\/a><\/div>\n\n\n\n<div class=\"wp-block-button has-custom-width wp-block-button__width-100 uag-hide-tab uag-hide-mob\"><a class=\"wp-block-button__link has-pale-cyan-blue-background-color has-background wp-element-button\">Reporte WEB inmediato<\/a><\/div>\n<\/div>\n\n\n\n<div class=\"wp-block-buttons alignfull uag-hide-desktop is-vertical is-content-justification-center is-nowrap is-layout-flex wp-container-core-buttons-layout-3 wp-block-buttons-is-layout-flex\" style=\"margin-top:50px\">\n<div class=\"wp-block-button has-custom-width wp-block-button__width-100\"><a class=\"wp-block-button__link has-pale-cyan-blue-background-color has-background wp-element-button\">T\u00e9cnicos Certificados<\/a><\/div>\n\n\n\n<div class=\"wp-block-button has-custom-width wp-block-button__width-100 uag-hide-desktop\"><a class=\"wp-block-button__link has-pale-cyan-blue-background-color has-background wp-element-button\">R\u00e1pidez en la respuesta<\/a><\/div>\n\n\n\n<div class=\"wp-block-button has-custom-width wp-block-button__width-100\"><a class=\"wp-block-button__link has-pale-cyan-blue-background-color has-background wp-element-button\">Uso de Inteligencia Artificial<\/a><\/div>\n\n\n\n<div class=\"wp-block-button has-custom-width wp-block-button__width-100\"><a class=\"wp-block-button__link has-pale-cyan-blue-background-color has-background wp-element-button\">Reporte WEB inmediato<\/a><\/div>\n<\/div>\n<\/div>\n\n\n\n<div class=\"wp-block-group alignfull is-layout-constrained wp-container-core-group-layout-4 wp-block-group-is-layout-constrained\" id=\"services\" style=\"padding-top:144px;padding-bottom:0px\">\n<h2 class=\"wp-block-heading has-text-align-center\">Mantenimiento a Aire Acondicionado<\/h2>\n\n\n\n<div class=\"wp-block-columns is-layout-flex wp-container-core-columns-layout-2 wp-block-columns-is-layout-flex\" style=\"margin-top:50px\">\n<div class=\"wp-block-column is-layout-flow wp-container-core-column-layout-5 wp-block-column-is-layout-flow\">\n<h3 class=\"wp-block-heading has-text-align-center\" style=\"margin-top:16px\">Servicio Unitario<\/h3>\n\n\n\n<p>Revisi\u00f3n integral \u00fanica de tu sistema de A\/C para garantizar su correcto funcionamiento y detectar posibles \u00e1reas de oportunidad. Incluye limpieza general, chequeo de presiones y amperajes, desazolve de drenaje, entre otros.<\/p>\n<\/div>\n\n\n\n<div class=\"wp-block-column is-layout-flow wp-container-core-column-layout-6 wp-block-column-is-layout-flow\">\n<h3 class=\"wp-block-heading has-text-align-center\" style=\"margin-top:16px\">P\u00f3liza anual<\/h3>\n\n\n\n<p>Programa de visitas t\u00e9cnicas peri\u00f3dicas  para tareas preventivas. Optimiza eficiencia y reduce el riesgo de fallas costosas. Contamos con 2 opciones de servicio. Semestral o Bimestral. Usamos Inteligencia Artificial para seleccionar la mejor alternativa.<\/p>\n<\/div>\n\n\n\n<div class=\"wp-block-column is-layout-flow wp-container-core-column-layout-7 wp-block-column-is-layout-flow\">\n<h3 class=\"wp-block-heading has-text-align-center\" style=\"margin-top:16px\">Correctivo<\/h3>\n\n\n\n<p>Identificamos y reparamos cualquier falla de emergencia en tu unidad de Aire Acondicionado. Atenci\u00f3n expr\u00e9s para diagn\u00f3stico y soluci\u00f3n de fugas, baja presi\u00f3n de gas, cortos en tarjetas electr\u00f3nicas. Evita el deterioro del sistema.<\/p>\n<\/div>\n<\/div>\n\n\n\n<div style=\"height:100px\" aria-hidden=\"true\" class=\"wp-block-spacer\"><\/div>\n<\/div>\n\n\n\n<div class=\"wp-block-group alignfull has-background is-layout-constrained wp-container-core-group-layout-5 wp-block-group-is-layout-constrained\" id=\"contact\" style=\"background:linear-gradient(135deg,rgb(2,3,129) 0%,rgb(57,97,119) 37%,rgb(40,116,252) 100%);padding-top:104px;padding-bottom:104px\">\n<h2 class=\"wp-block-heading has-text-align-center has-text-color\" style=\"color:#ffffff\">Solucionamos problemas de tu Aire Acondicionado en M\u00e9rida<\/h2>\n\n\n\n<div class=\"wp-block-buttons alignwide is-horizontal is-content-justification-center is-layout-flex wp-container-core-buttons-layout-4 wp-block-buttons-is-layout-flex\" style=\"margin-top:50px\">\n<div class=\"wp-block-button\"><a class=\"wp-block-button__link wp-element-button\" href=\"https:\/\/wa.me\/message\/NGQ2SZU2O6XKI1\" target=\"_blank\" rel=\"noreferrer noopener\">Reserva tu servicio<\/a><\/div>\n<\/div>\n<\/div>\n\n\n\n<div class=\"wp-block-group alignfull has-ast-global-color-5-background-color has-background is-layout-constrained wp-container-core-group-layout-7 wp-block-group-is-layout-constrained\" id=\"about\" style=\"padding-top:143px;padding-bottom:144px\">\n<div class=\"wp-block-media-text alignwide has-media-on-the-right is-stacked-on-mobile is-vertically-aligned-center\" style=\"grid-template-columns:auto 47%\"><div class=\"wp-block-media-text__content\">\n<div class=\"inherit-container-width wp-block-group is-layout-constrained wp-block-group-is-layout-constrained\" style=\"padding-right:80px\">\n<h2 class=\"wp-block-heading\" style=\"padding-right:40px\">Evita que tu aire acondicionado vuelva a fallar<\/h2>\n\n\n\n<p>&#8220;\u00bfHarto de que tu equipo de Aire Acondicioando falle cada verano? Con nuestro servicio de mantenimiento preventivo le decimos adi\u00f3s a fugas, cortos y fallas recurrentes. Nuestros t\u00e9cnicos expertos revisan a profundidad todos los componentes para detectar desgastes y prevenir fallas futuras.<\/p>\n\n\n\n<p>Ev\u00edtate disgustos y disfruta de ambientes frescos con el servicio integral de <strong>Clima Guys<\/strong><\/p>\n<\/div>\n<\/div><figure class=\"wp-block-media-text__media\"><img decoding=\"async\" src=\"https:\/\/climaguys.com\/wp-content\/themes\/astra\/inc\/assets\/images\/starter-content\/about-us.jpg\" alt=\"\" class=\"wp-image-237 size-full\"\/><\/figure><\/div>\n\n\n\n<div style=\"height:100px\" aria-hidden=\"true\" class=\"wp-block-spacer\"><\/div>\n<\/div>\n","protected":false},"excerpt":{"rendered":"<p>T\u00e9cnicos Certificados Contamos con m\u00e1s de 30 a\u00f1os atentiendo equipos residenciales, comerciales, hoteleros e industriales. Conocemos sobre Aires Acondicionados. Personal Profesional Contamos con un equipo profesional de t\u00e9cnicos, supervisores y atenci\u00f3n al cliente. Siempre tendr\u00e1s una respuesta a la solicitud sobre tu servicio. Servicios de Calidad Para Clima Guys M\u00e9rida lo m\u00e1s importante es mantener &hellip;<\/p>\n<p class=\"read-more\"> <a class=\"\" href=\"https:\/\/climaguys.com\/\"> <span class=\"screen-reader-text\">Mantenimiento profesional de Aire Acondicionado en M\u00e9rida<\/span> Read More &raquo;<\/a><\/p>\n","protected":false},"author":1,"featured_media":0,"parent":0,"menu_order":0,"comment_status":"closed","ping_status":"closed","template":"","meta":{"om_disable_all_campaigns":false,"_uag_custom_page_level_css":"","_monsterinsights_skip_tracking":false,"_monsterinsights_sitenote_active":false,"_monsterinsights_sitenote_note":"","_monsterinsights_sitenote_category":0,"site-sidebar-layout":"no-sidebar","site-content-layout":"plain-container","ast-site-content-layout":"","site-content-style":"default","site-sidebar-style":"default","ast-global-header-display":"","ast-banner-title-visibility":"","ast-main-header-display":"","ast-hfb-above-header-display":"","ast-hfb-below-header-display":"","ast-hfb-mobile-header-display":"","site-post-title":"disabled","ast-breadcrumbs-content":"","ast-featured-img":"","footer-sml-layout":"","theme-transparent-header-meta":"enabled","adv-header-id-meta":"","stick-header-meta":"","header-above-stick-meta":"","header-main-stick-meta":"","header-below-stick-meta":"","astra-migrate-meta-layouts":"","ast-page-background-enabled":"default","ast-page-background-meta":{"desktop":{"background-color":"var(--ast-global-color-4)","background-image":"","background-repeat":"repeat","background-position":"center center","background-size":"auto","background-attachment":"scroll","background-type":"","background-media":"","overlay-type":"","overlay-color":"","overlay-gradient":""},"tablet":{"background-color":"","background-image":"","background-repeat":"repeat","background-position":"center center","background-size":"auto","background-attachment":"scroll","background-type":"","background-media":"","overlay-type":"","overlay-color":"","overlay-gradient":""},"mobile":{"background-color":"","background-image":"","background-repeat":"repeat","background-position":"center center","background-size":"auto","background-attachment":"scroll","background-type":"","background-media":"","overlay-type":"","overlay-color":"","overlay-gradient":""}},"ast-content-background-meta":{"desktop":{"background-color":"var(--ast-global-color-5)","background-image":"","background-repeat":"repeat","background-position":"center center","background-size":"auto","background-attachment":"scroll","background-type":"","background-media":"","overlay-type":"","overlay-color":"","overlay-gradient":""},"tablet":{"background-color":"var(--ast-global-color-5)","background-image":"","background-repeat":"repeat","background-position":"center center","background-size":"auto","background-attachment":"scroll","background-type":"","background-media":"","overlay-type":"","overlay-color":"","overlay-gradient":""},"mobile":{"background-color":"var(--ast-global-color-5)","background-image":"","background-repeat":"repeat","background-position":"center center","background-size":"auto","background-attachment":"scroll","background-type":"","background-media":"","overlay-type":"","overlay-color":"","overlay-gradient":""}},"footnotes":""},"aioseo_notices":[],"uagb_featured_image_src":{"full":false,"thumbnail":false,"medium":false,"medium_large":false,"large":false,"1536x1536":false,"2048x2048":false},"uagb_author_info":{"display_name":"climaguys.com","author_link":"https:\/\/climaguys.com\/?author=1"},"uagb_comment_info":0,"uagb_excerpt":"T\u00e9cnicos Certificados Contamos con m\u00e1s de 30 a\u00f1os atentiendo equipos residenciales, comerciales, hoteleros e industriales. Conocemos sobre Aires Acondicionados. Personal Profesional Contamos con un equipo profesional de t\u00e9cnicos, supervisores y atenci\u00f3n al cliente. Siempre tendr\u00e1s una respuesta a la solicitud sobre tu servicio. Servicios de Calidad Para Clima Guys M\u00e9rida lo m\u00e1s importante es mantener&hellip;","_links":{"self":[{"href":"https:\/\/climaguys.com\/index.php?rest_route=\/wp\/v2\/pages\/8"}],"collection":[{"href":"https:\/\/climaguys.com\/index.php?rest_route=\/wp\/v2\/pages"}],"about":[{"href":"https:\/\/climaguys.com\/index.php?rest_route=\/wp\/v2\/types\/page"}],"author":[{"embeddable":true,"href":"https:\/\/climaguys.com\/index.php?rest_route=\/wp\/v2\/users\/1"}],"replies":[{"embeddable":true,"href":"https:\/\/climaguys.com\/index.php?rest_route=%2Fwp%2Fv2%2Fcomments&post=8"}],"version-history":[{"count":18,"href":"https:\/\/climaguys.com\/index.php?rest_route=\/wp\/v2\/pages\/8\/revisions"}],"predecessor-version":[{"id":60,"href":"https:\/\/climaguys.com\/index.php?rest_route=\/wp\/v2\/pages\/8\/revisions\/60"}],"wp:attachment":[{"href":"https:\/\/climaguys.com\/index.php?rest_route=%2Fwp%2Fv2%2Fmedia&parent=8"}],"curies":[{"name":"wp","href":"https:\/\/api.w.org\/{rel}","templated":true}]}}